{"id":1090,"date":"2023-11-02T15:39:38","date_gmt":"2023-11-02T13:39:38","guid":{"rendered":"https:\/\/epiceriedangla.fr\/test\/?post_type=product&#038;p=1090"},"modified":"2023-11-10T15:24:23","modified_gmt":"2023-11-10T13:24:23","slug":"plateau-raclette-charcuteries","status":"publish","type":"product","link":"https:\/\/epiceriedangla.fr\/test\/produit\/plateau-raclette-charcuteries\/","title":{"rendered":"Plateau raclette + charcuteries"},"content":{"rendered":"<p><strong>Plateau de Raclette &amp; Charcuteries\u00a0<\/strong><\/p>\n<p>Faites de votre soir\u00e9e \u00e0 Romainville un festin m\u00e9morable, commander notre Plateau de Raclette et Charcuteries. D\u00e9couvrez une d\u00e9licieuse combinaison de fromages fondants et de charcuterie savoureuse. Parfait pour rassembler famille et amis autour de la table, ce plateau vous permet de cr\u00e9er une exp\u00e9rience gourmande et conviviale \u00e0 la maison.<\/p>\n<p><strong>Contenu du Plateau :<\/strong><\/p>\n<ol>\n<li><strong>Assortiment de 3 fromages<\/strong> : Vache Nature au lait cru (Alpes de Haute Provence), Vache fum\u00e9 au lait cru(Savoie ou Jura), Vache au lait cru BIO et \u00e0 l&rsquo;ail des ours (Hautes Alpes).\u00a0 Portion par personne : 225g<\/li>\n<li><strong>Assortiment de 3 charcuteries<\/strong> : Saucisson du Luberon, Coppa des Montagnes, Jambon Cru de Bayonne.\u00a0 Portion par personne : 105g.<\/li>\n<li><strong>Pommes de terres : <\/strong>Nos pommes de terre sont cultiv\u00e9es avec soin dans des exploitations agricoles locales.\u00a0 \u00a0Portion 3 ou 4 par personne (selon calibre)<\/li>\n<\/ol>\n<p>&nbsp;<\/p>\n<p><strong>Id\u00e9al pour Toutes les Occasions :<\/strong><\/p>\n<p>Commandez d\u00e8s aujourd&rsquo;hui et pr\u00e9parez vous \u00e0 une soir\u00e9e de d\u00e9lices gastronomiques inoubliables !<\/p>\n<p>En compl\u00e9ment de ces fromages et charcuteries, nous vous sugg\u00e9rons d&rsquo;ajouter des accompagnements tels que des cornichons croquants, des oignons rouges marin\u00e9s, et des sauces sp\u00e9cialement con\u00e7ues pour rehausser vos saveurs pr\u00e9f\u00e9r\u00e9es.<\/p>\n<p>En cas de rupture momentan\u00e9e d\u2019un\u00a0 produit, nous le remplacerons par un autre de qualit\u00e9 \u00e9quivalente.<\/p>\n<p>&nbsp;<\/p>\n<p>Allerg\u00e8nes : lait<\/p>\n<p>&nbsp;<\/p>\n<p>Pour votre raclette, nous avons s\u00e9lectionn\u00e9 un accord de vin. Demandez nous lors de votre retrait de commande \u00e0 la boutique.<\/p>\n<p><strong>Prix par personne\u00a0 :<\/strong><\/p>\n","protected":false},"excerpt":{"rendered":"<p>Envie de manger une Raclette et de la charcuterie ? Voici une d\u00e9licieuse combinaison de fromages fondants et de charcuteries savoureuses<\/p>\n","protected":false},"featured_media":1372,"comment_status":"open","ping_status":"closed","template":"","meta":[],"product_cat":[18],"product_tag":[],"class_list":["post-1090","product","type-product","status-publish","has-post-thumbnail","hentry","product_cat-paniers-gourmands"],"yoast_head":"<!-- This site is optimized with the Yoast SEO plugin v21.5 - https:\/\/yoast.com\/wordpress\/plugins\/seo\/ -->\n<title>Commander un plateau de raclette &amp; charcuteries \u00e0 Romainville |<\/title>\n<meta name=\"description\" content=\"Cliquez ici si vous souhaitez commander un plateau de raclette &amp; charcuterie \u00e0 d\u00e9guster chez vous \u00e0 Romainville ! Commandez en click and collect !\" \/>\n<meta name=\"robots\" content=\"index, follow, max-snippet:-1, max-image-preview:large, max-video-preview:-1\" \/>\n<link rel=\"canonical\" href=\"https:\/\/epiceriedangla.fr\/test\/produit\/plateau-raclette-charcuteries\/\" \/>\n<meta property=\"og:locale\" content=\"fr_FR\" \/>\n<meta property=\"og:type\" content=\"article\" \/>\n<meta property=\"og:title\" content=\"Commander un plateau de raclette &amp; charcuteries \u00e0 Romainville |\" \/>\n<meta property=\"og:description\" content=\"Cliquez ici si vous souhaitez commander un plateau de raclette &amp; charcuterie \u00e0 d\u00e9guster chez vous \u00e0 Romainville ! Commandez en click and collect !\" \/>\n<meta property=\"og:url\" content=\"https:\/\/epiceriedangla.fr\/test\/produit\/plateau-raclette-charcuteries\/\" \/>\n<meta property=\"og:site_name\" content=\"Dangla\" \/>\n<meta property=\"article:modified_time\" content=\"2023-11-10T13:24:23+00:00\" \/>\n<meta property=\"og:image\" content=\"https:\/\/epiceriedangla.fr\/test\/wp-content\/uploads\/2023\/11\/raclette.jpg\" \/>\n\t<meta property=\"og:image:width\" content=\"400\" \/>\n\t<meta property=\"og:image:height\" content=\"500\" \/>\n\t<meta property=\"og:image:type\" content=\"image\/jpeg\" \/>\n<meta name=\"twitter:card\" content=\"summary_large_image\" \/>\n<meta name=\"twitter:label1\" content=\"Dur\u00e9e de lecture estim\u00e9e\" \/>\n\t<meta name=\"twitter:data1\" content=\"2 minutes\" \/>\n<script type=\"application\/ld+json\" class=\"yoast-schema-graph\">{\"@context\":\"https:\/\/schema.org\",\"@graph\":[{\"@type\":\"WebPage\",\"@id\":\"https:\/\/epiceriedangla.fr\/test\/produit\/plateau-raclette-charcuteries\/\",\"url\":\"https:\/\/epiceriedangla.fr\/test\/produit\/plateau-raclette-charcuteries\/\",\"name\":\"Commander un plateau de raclette & charcuteries \u00e0 Romainville |\",\"isPartOf\":{\"@id\":\"https:\/\/epiceriedangla.fr\/test\/#website\"},\"datePublished\":\"2023-11-02T13:39:38+00:00\",\"dateModified\":\"2023-11-10T13:24:23+00:00\",\"description\":\"Cliquez ici si vous souhaitez commander un plateau de raclette & charcuterie \u00e0 d\u00e9guster chez vous \u00e0 Romainville ! Commandez en click and collect !\",\"breadcrumb\":{\"@id\":\"https:\/\/epiceriedangla.fr\/test\/produit\/plateau-raclette-charcuteries\/#breadcrumb\"},\"inLanguage\":\"fr-FR\",\"potentialAction\":[{\"@type\":\"ReadAction\",\"target\":[\"https:\/\/epiceriedangla.fr\/test\/produit\/plateau-raclette-charcuteries\/\"]}]},{\"@type\":\"BreadcrumbList\",\"@id\":\"https:\/\/epiceriedangla.fr\/test\/produit\/plateau-raclette-charcuteries\/#breadcrumb\",\"itemListElement\":[{\"@type\":\"ListItem\",\"position\":1,\"name\":\"Boutique\",\"item\":\"https:\/\/epiceriedangla.fr\/test\/boutique-epicerie-circuit-court-romainville-produits-qualite-dangla\/\"},{\"@type\":\"ListItem\",\"position\":2,\"name\":\"Plateau raclette + charcuteries\"}]},{\"@type\":\"WebSite\",\"@id\":\"https:\/\/epiceriedangla.fr\/test\/#website\",\"url\":\"https:\/\/epiceriedangla.fr\/test\/\",\"name\":\"Epicerie Dangla\",\"description\":\"Petite \u00e9picerie de quartier\",\"publisher\":{\"@id\":\"https:\/\/epiceriedangla.fr\/test\/#organization\"},\"potentialAction\":[{\"@type\":\"SearchAction\",\"target\":{\"@type\":\"EntryPoint\",\"urlTemplate\":\"https:\/\/epiceriedangla.fr\/test\/?s={search_term_string}\"},\"query-input\":\"required name=search_term_string\"}],\"inLanguage\":\"fr-FR\"},{\"@type\":\"Organization\",\"@id\":\"https:\/\/epiceriedangla.fr\/test\/#organization\",\"name\":\"Epicerie Dangla\",\"url\":\"https:\/\/epiceriedangla.fr\/test\/\",\"logo\":{\"@type\":\"ImageObject\",\"inLanguage\":\"fr-FR\",\"@id\":\"https:\/\/epiceriedangla.fr\/test\/#\/schema\/logo\/image\/\",\"url\":\"https:\/\/epiceriedangla.fr\/test\/wp-content\/uploads\/2023\/08\/logoblanc-dangla.png\",\"contentUrl\":\"https:\/\/epiceriedangla.fr\/test\/wp-content\/uploads\/2023\/08\/logoblanc-dangla.png\",\"width\":1158,\"height\":1300,\"caption\":\"Epicerie Dangla\"},\"image\":{\"@id\":\"https:\/\/epiceriedangla.fr\/test\/#\/schema\/logo\/image\/\"}}]}<\/script>\n<!-- \/ Yoast SEO plugin. -->","yoast_head_json":{"title":"Commander un plateau de raclette & charcuteries \u00e0 Romainville |","description":"Cliquez ici si vous souhaitez commander un plateau de raclette & charcuterie \u00e0 d\u00e9guster chez vous \u00e0 Romainville ! Commandez en click and collect !","robots":{"index":"index","follow":"follow","max-snippet":"max-snippet:-1","max-image-preview":"max-image-preview:large","max-video-preview":"max-video-preview:-1"},"canonical":"https:\/\/epiceriedangla.fr\/test\/produit\/plateau-raclette-charcuteries\/","og_locale":"fr_FR","og_type":"article","og_title":"Commander un plateau de raclette & charcuteries \u00e0 Romainville |","og_description":"Cliquez ici si vous souhaitez commander un plateau de raclette & charcuterie \u00e0 d\u00e9guster chez vous \u00e0 Romainville ! Commandez en click and collect !","og_url":"https:\/\/epiceriedangla.fr\/test\/produit\/plateau-raclette-charcuteries\/","og_site_name":"Dangla","article_modified_time":"2023-11-10T13:24:23+00:00","og_image":[{"width":400,"height":500,"url":"https:\/\/epiceriedangla.fr\/test\/wp-content\/uploads\/2023\/11\/raclette.jpg","type":"image\/jpeg"}],"twitter_card":"summary_large_image","twitter_misc":{"Dur\u00e9e de lecture estim\u00e9e":"2 minutes"},"schema":{"@context":"https:\/\/schema.org","@graph":[{"@type":"WebPage","@id":"https:\/\/epiceriedangla.fr\/test\/produit\/plateau-raclette-charcuteries\/","url":"https:\/\/epiceriedangla.fr\/test\/produit\/plateau-raclette-charcuteries\/","name":"Commander un plateau de raclette & charcuteries \u00e0 Romainville |","isPartOf":{"@id":"https:\/\/epiceriedangla.fr\/test\/#website"},"datePublished":"2023-11-02T13:39:38+00:00","dateModified":"2023-11-10T13:24:23+00:00","description":"Cliquez ici si vous souhaitez commander un plateau de raclette & charcuterie \u00e0 d\u00e9guster chez vous \u00e0 Romainville ! Commandez en click and collect !","breadcrumb":{"@id":"https:\/\/epiceriedangla.fr\/test\/produit\/plateau-raclette-charcuteries\/#breadcrumb"},"inLanguage":"fr-FR","potentialAction":[{"@type":"ReadAction","target":["https:\/\/epiceriedangla.fr\/test\/produit\/plateau-raclette-charcuteries\/"]}]},{"@type":"BreadcrumbList","@id":"https:\/\/epiceriedangla.fr\/test\/produit\/plateau-raclette-charcuteries\/#breadcrumb","itemListElement":[{"@type":"ListItem","position":1,"name":"Boutique","item":"https:\/\/epiceriedangla.fr\/test\/boutique-epicerie-circuit-court-romainville-produits-qualite-dangla\/"},{"@type":"ListItem","position":2,"name":"Plateau raclette + charcuteries"}]},{"@type":"WebSite","@id":"https:\/\/epiceriedangla.fr\/test\/#website","url":"https:\/\/epiceriedangla.fr\/test\/","name":"Epicerie Dangla","description":"Petite \u00e9picerie de quartier","publisher":{"@id":"https:\/\/epiceriedangla.fr\/test\/#organization"},"potentialAction":[{"@type":"SearchAction","target":{"@type":"EntryPoint","urlTemplate":"https:\/\/epiceriedangla.fr\/test\/?s={search_term_string}"},"query-input":"required name=search_term_string"}],"inLanguage":"fr-FR"},{"@type":"Organization","@id":"https:\/\/epiceriedangla.fr\/test\/#organization","name":"Epicerie Dangla","url":"https:\/\/epiceriedangla.fr\/test\/","logo":{"@type":"ImageObject","inLanguage":"fr-FR","@id":"https:\/\/epiceriedangla.fr\/test\/#\/schema\/logo\/image\/","url":"https:\/\/epiceriedangla.fr\/test\/wp-content\/uploads\/2023\/08\/logoblanc-dangla.png","contentUrl":"https:\/\/epiceriedangla.fr\/test\/wp-content\/uploads\/2023\/08\/logoblanc-dangla.png","width":1158,"height":1300,"caption":"Epicerie Dangla"},"image":{"@id":"https:\/\/epiceriedangla.fr\/test\/#\/schema\/logo\/image\/"}}]}},"_links":{"self":[{"href":"https:\/\/epiceriedangla.fr\/test\/wp-json\/wp\/v2\/product\/1090","targetHints":{"allow":["GET"]}}],"collection":[{"href":"https:\/\/epiceriedangla.fr\/test\/wp-json\/wp\/v2\/product"}],"about":[{"href":"https:\/\/epiceriedangla.fr\/test\/wp-json\/wp\/v2\/types\/product"}],"replies":[{"embeddable":true,"href":"https:\/\/epiceriedangla.fr\/test\/wp-json\/wp\/v2\/comments?post=1090"}],"wp:featuredmedia":[{"embeddable":true,"href":"https:\/\/epiceriedangla.fr\/test\/wp-json\/wp\/v2\/media\/1372"}],"wp:attachment":[{"href":"https:\/\/epiceriedangla.fr\/test\/wp-json\/wp\/v2\/media?parent=1090"}],"wp:term":[{"taxonomy":"product_cat","embeddable":true,"href":"https:\/\/epiceriedangla.fr\/test\/wp-json\/wp\/v2\/product_cat?post=1090"},{"taxonomy":"product_tag","embeddable":true,"href":"https:\/\/epiceriedangla.fr\/test\/wp-json\/wp\/v2\/product_tag?post=1090"}],"curies":[{"name":"wp","href":"https:\/\/api.w.org\/{rel}","templated":true}]}}