{"id":8,"date":"2023-08-29T15:18:39","date_gmt":"2023-08-29T13:18:39","guid":{"rendered":"https:\/\/epiceriedangla.fr\/test\/panier\/"},"modified":"2023-11-10T16:16:10","modified_gmt":"2023-11-10T14:16:10","slug":"panier-epicerie-dangla-romainville","status":"publish","type":"page","link":"https:\/\/epiceriedangla.fr\/test\/panier-epicerie-dangla-romainville\/","title":{"rendered":"Panier"},"content":{"rendered":"\n","protected":false},"excerpt":{"rendered":"","protected":false},"author":1,"featured_media":0,"parent":0,"menu_order":0,"comment_status":"closed","ping_status":"closed","template":"","meta":{"footnotes":""},"class_list":["post-8","page","type-page","status-publish","hentry"],"yoast_head":"<!-- This site is optimized with the Yoast SEO plugin v21.5 - https:\/\/yoast.com\/wordpress\/plugins\/seo\/ -->\n<title>Panier d&#039;achats en circuit court \u00e0 Romainville | \u00c9picerie Dangla<\/title>\n<meta name=\"description\" content=\"Composez votre panier d&#039;achats en circuit court \u00e0 Romainville avec des produits frais et locaux de l&#039;\u00e9picerie Dangla.\" \/>\n<meta name=\"robots\" content=\"index, follow, max-snippet:-1, max-image-preview:large, max-video-preview:-1\" \/>\n<link rel=\"canonical\" href=\"https:\/\/epiceriedangla.fr\/test\/panier-epicerie-dangla-romainville\/\" \/>\n<meta property=\"og:locale\" content=\"fr_FR\" \/>\n<meta property=\"og:type\" content=\"article\" \/>\n<meta property=\"og:title\" content=\"Panier d&#039;achats en circuit court \u00e0 Romainville | \u00c9picerie Dangla\" \/>\n<meta property=\"og:description\" content=\"Composez votre panier d&#039;achats en circuit court \u00e0 Romainville avec des produits frais et locaux de l&#039;\u00e9picerie Dangla.\" \/>\n<meta property=\"og:url\" content=\"https:\/\/epiceriedangla.fr\/test\/panier-epicerie-dangla-romainville\/\" \/>\n<meta property=\"og:site_name\" content=\"Dangla\" \/>\n<meta property=\"article:modified_time\" content=\"2023-11-10T14:16:10+00:00\" \/>\n<meta name=\"twitter:card\" content=\"summary_large_image\" \/>\n<meta name=\"twitter:label1\" content=\"Dur\u00e9e de lecture estim\u00e9e\" \/>\n\t<meta name=\"twitter:data1\" content=\"1 minute\" \/>\n<script type=\"application\/ld+json\" class=\"yoast-schema-graph\">{\"@context\":\"https:\/\/schema.org\",\"@graph\":[{\"@type\":\"WebPage\",\"@id\":\"https:\/\/epiceriedangla.fr\/test\/panier-epicerie-dangla-romainville\/\",\"url\":\"https:\/\/epiceriedangla.fr\/test\/panier-epicerie-dangla-romainville\/\",\"name\":\"Panier d'achats en circuit court \u00e0 Romainville | \u00c9picerie Dangla\",\"isPartOf\":{\"@id\":\"https:\/\/epiceriedangla.fr\/test\/#website\"},\"datePublished\":\"2023-08-29T13:18:39+00:00\",\"dateModified\":\"2023-11-10T14:16:10+00:00\",\"description\":\"Composez votre panier d'achats en circuit court \u00e0 Romainville avec des produits frais et locaux de l'\u00e9picerie Dangla.\",\"inLanguage\":\"fr-FR\",\"potentialAction\":[{\"@type\":\"ReadAction\",\"target\":[\"https:\/\/epiceriedangla.fr\/test\/panier-epicerie-dangla-romainville\/\"]}]},{\"@type\":\"WebSite\",\"@id\":\"https:\/\/epiceriedangla.fr\/test\/#website\",\"url\":\"https:\/\/epiceriedangla.fr\/test\/\",\"name\":\"Epicerie Dangla\",\"description\":\"Petite \u00e9picerie de quartier\",\"publisher\":{\"@id\":\"https:\/\/epiceriedangla.fr\/test\/#organization\"},\"potentialAction\":[{\"@type\":\"SearchAction\",\"target\":{\"@type\":\"EntryPoint\",\"urlTemplate\":\"https:\/\/epiceriedangla.fr\/test\/?s={search_term_string}\"},\"query-input\":\"required name=search_term_string\"}],\"inLanguage\":\"fr-FR\"},{\"@type\":\"Organization\",\"@id\":\"https:\/\/epiceriedangla.fr\/test\/#organization\",\"name\":\"Epicerie Dangla\",\"url\":\"https:\/\/epiceriedangla.fr\/test\/\",\"logo\":{\"@type\":\"ImageObject\",\"inLanguage\":\"fr-FR\",\"@id\":\"https:\/\/epiceriedangla.fr\/test\/#\/schema\/logo\/image\/\",\"url\":\"https:\/\/epiceriedangla.fr\/test\/wp-content\/uploads\/2023\/08\/logoblanc-dangla.png\",\"contentUrl\":\"https:\/\/epiceriedangla.fr\/test\/wp-content\/uploads\/2023\/08\/logoblanc-dangla.png\",\"width\":1158,\"height\":1300,\"caption\":\"Epicerie Dangla\"},\"image\":{\"@id\":\"https:\/\/epiceriedangla.fr\/test\/#\/schema\/logo\/image\/\"}}]}<\/script>\n<!-- \/ Yoast SEO plugin. -->","yoast_head_json":{"title":"Panier d'achats en circuit court \u00e0 Romainville | \u00c9picerie Dangla","description":"Composez votre panier d'achats en circuit court \u00e0 Romainville avec des produits frais et locaux de l'\u00e9picerie Dangla.","robots":{"index":"index","follow":"follow","max-snippet":"max-snippet:-1","max-image-preview":"max-image-preview:large","max-video-preview":"max-video-preview:-1"},"canonical":"https:\/\/epiceriedangla.fr\/test\/panier-epicerie-dangla-romainville\/","og_locale":"fr_FR","og_type":"article","og_title":"Panier d'achats en circuit court \u00e0 Romainville | \u00c9picerie Dangla","og_description":"Composez votre panier d'achats en circuit court \u00e0 Romainville avec des produits frais et locaux de l'\u00e9picerie Dangla.","og_url":"https:\/\/epiceriedangla.fr\/test\/panier-epicerie-dangla-romainville\/","og_site_name":"Dangla","article_modified_time":"2023-11-10T14:16:10+00:00","twitter_card":"summary_large_image","twitter_misc":{"Dur\u00e9e de lecture estim\u00e9e":"1 minute"},"schema":{"@context":"https:\/\/schema.org","@graph":[{"@type":"WebPage","@id":"https:\/\/epiceriedangla.fr\/test\/panier-epicerie-dangla-romainville\/","url":"https:\/\/epiceriedangla.fr\/test\/panier-epicerie-dangla-romainville\/","name":"Panier d'achats en circuit court \u00e0 Romainville | \u00c9picerie Dangla","isPartOf":{"@id":"https:\/\/epiceriedangla.fr\/test\/#website"},"datePublished":"2023-08-29T13:18:39+00:00","dateModified":"2023-11-10T14:16:10+00:00","description":"Composez votre panier d'achats en circuit court \u00e0 Romainville avec des produits frais et locaux de l'\u00e9picerie Dangla.","inLanguage":"fr-FR","potentialAction":[{"@type":"ReadAction","target":["https:\/\/epiceriedangla.fr\/test\/panier-epicerie-dangla-romainville\/"]}]},{"@type":"WebSite","@id":"https:\/\/epiceriedangla.fr\/test\/#website","url":"https:\/\/epiceriedangla.fr\/test\/","name":"Epicerie Dangla","description":"Petite \u00e9picerie de quartier","publisher":{"@id":"https:\/\/epiceriedangla.fr\/test\/#organization"},"potentialAction":[{"@type":"SearchAction","target":{"@type":"EntryPoint","urlTemplate":"https:\/\/epiceriedangla.fr\/test\/?s={search_term_string}"},"query-input":"required name=search_term_string"}],"inLanguage":"fr-FR"},{"@type":"Organization","@id":"https:\/\/epiceriedangla.fr\/test\/#organization","name":"Epicerie Dangla","url":"https:\/\/epiceriedangla.fr\/test\/","logo":{"@type":"ImageObject","inLanguage":"fr-FR","@id":"https:\/\/epiceriedangla.fr\/test\/#\/schema\/logo\/image\/","url":"https:\/\/epiceriedangla.fr\/test\/wp-content\/uploads\/2023\/08\/logoblanc-dangla.png","contentUrl":"https:\/\/epiceriedangla.fr\/test\/wp-content\/uploads\/2023\/08\/logoblanc-dangla.png","width":1158,"height":1300,"caption":"Epicerie Dangla"},"image":{"@id":"https:\/\/epiceriedangla.fr\/test\/#\/schema\/logo\/image\/"}}]}},"_links":{"self":[{"href":"https:\/\/epiceriedangla.fr\/test\/wp-json\/wp\/v2\/pages\/8","targetHints":{"allow":["GET"]}}],"collection":[{"href":"https:\/\/epiceriedangla.fr\/test\/wp-json\/wp\/v2\/pages"}],"about":[{"href":"https:\/\/epiceriedangla.fr\/test\/wp-json\/wp\/v2\/types\/page"}],"author":[{"embeddable":true,"href":"https:\/\/epiceriedangla.fr\/test\/wp-json\/wp\/v2\/users\/1"}],"replies":[{"embeddable":true,"href":"https:\/\/epiceriedangla.fr\/test\/wp-json\/wp\/v2\/comments?post=8"}],"version-history":[{"count":3,"href":"https:\/\/epiceriedangla.fr\/test\/wp-json\/wp\/v2\/pages\/8\/revisions"}],"predecessor-version":[{"id":1590,"href":"https:\/\/epiceriedangla.fr\/test\/wp-json\/wp\/v2\/pages\/8\/revisions\/1590"}],"wp:attachment":[{"href":"https:\/\/epiceriedangla.fr\/test\/wp-json\/wp\/v2\/media?parent=8"}],"curies":[{"name":"wp","href":"https:\/\/api.w.org\/{rel}","templated":true}]}}