{"id":11,"date":"2023-11-10T17:53:23","date_gmt":"2023-11-10T15:53:23","guid":{"rendered":"https:\/\/epiceriedangla.fr\/test\/?page_id=11"},"modified":"2023-11-10T18:01:14","modified_gmt":"2023-11-10T16:01:14","slug":"remboursements_retours","status":"publish","type":"page","link":"https:\/\/epiceriedangla.fr\/test\/remboursements_retours\/","title":{"rendered":"Conditions g\u00e9n\u00e9rales de Vente"},"content":{"rendered":"\t\t<div data-elementor-type=\"wp-page\" data-elementor-id=\"11\" class=\"elementor elementor-11\">\n\t\t\t\t\t\t\t\t\t<section class=\"elementor-section elementor-top-section elementor-element elementor-element-45941136 elementor-section-boxed elementor-section-height-default elementor-section-height-default\" data-id=\"45941136\" data-element_type=\"section\">\n\t\t\t\t\t\t<div class=\"elementor-container elementor-column-gap-default\">\n\t\t\t\t\t<div class=\"elementor-column elementor-col-100 elementor-top-column elementor-element elementor-element-244ca42b\" data-id=\"244ca42b\" data-element_type=\"column\">\n\t\t\t<div class=\"elementor-widget-wrap elementor-element-populated\">\n\t\t\t\t\t\t\t\t<div class=\"elementor-element elementor-element-6556f6e elementor-widget elementor-widget-heading\" data-id=\"6556f6e\" data-element_type=\"widget\" data-widget_type=\"heading.default\">\n\t\t\t\t<div class=\"elementor-widget-container\">\n\t\t\t<style>\/*! elementor - v3.17.0 - 08-11-2023 *\/\n.elementor-heading-title{padding:0;margin:0;line-height:1}.elementor-widget-heading .elementor-heading-title[class*=elementor-size-]>a{color:inherit;font-size:inherit;line-height:inherit}.elementor-widget-heading .elementor-heading-title.elementor-size-small{font-size:15px}.elementor-widget-heading .elementor-heading-title.elementor-size-medium{font-size:19px}.elementor-widget-heading .elementor-heading-title.elementor-size-large{font-size:29px}.elementor-widget-heading .elementor-heading-title.elementor-size-xl{font-size:39px}.elementor-widget-heading .elementor-heading-title.elementor-size-xxl{font-size:59px}<\/style><h2 class=\"elementor-heading-title elementor-size-default\">Conditions g\u00e9n\u00e9rales de vente<\/h2>\t\t<\/div>\n\t\t\t\t<\/div>\n\t\t\t\t<div class=\"elementor-element elementor-element-2f771d6 elementor-widget-divider--view-line elementor-widget elementor-widget-divider\" data-id=\"2f771d6\" data-element_type=\"widget\" data-widget_type=\"divider.default\">\n\t\t\t\t<div class=\"elementor-widget-container\">\n\t\t\t<style>\/*! elementor - v3.17.0 - 08-11-2023 *\/\n.elementor-widget-divider{--divider-border-style:none;--divider-border-width:1px;--divider-color:#0c0d0e;--divider-icon-size:20px;--divider-element-spacing:10px;--divider-pattern-height:24px;--divider-pattern-size:20px;--divider-pattern-url:none;--divider-pattern-repeat:repeat-x}.elementor-widget-divider .elementor-divider{display:flex}.elementor-widget-divider .elementor-divider__text{font-size:15px;line-height:1;max-width:95%}.elementor-widget-divider .elementor-divider__element{margin:0 var(--divider-element-spacing);flex-shrink:0}.elementor-widget-divider .elementor-icon{font-size:var(--divider-icon-size)}.elementor-widget-divider .elementor-divider-separator{display:flex;margin:0;direction:ltr}.elementor-widget-divider--view-line_icon .elementor-divider-separator,.elementor-widget-divider--view-line_text .elementor-divider-separator{align-items:center}.elementor-widget-divider--view-line_icon .elementor-divider-separator:after,.elementor-widget-divider--view-line_icon .elementor-divider-separator:before,.elementor-widget-divider--view-line_text .elementor-divider-separator:after,.elementor-widget-divider--view-line_text .elementor-divider-separator:before{display:block;content:\"\";border-bottom:0;flex-grow:1;border-top:var(--divider-border-width) var(--divider-border-style) var(--divider-color)}.elementor-widget-divider--element-align-left .elementor-divider .elementor-divider-separator>.elementor-divider__svg:first-of-type{flex-grow:0;flex-shrink:100}.elementor-widget-divider--element-align-left .elementor-divider-separator:before{content:none}.elementor-widget-divider--element-align-left .elementor-divider__element{margin-left:0}.elementor-widget-divider--element-align-right .elementor-divider .elementor-divider-separator>.elementor-divider__svg:last-of-type{flex-grow:0;flex-shrink:100}.elementor-widget-divider--element-align-right .elementor-divider-separator:after{content:none}.elementor-widget-divider--element-align-right .elementor-divider__element{margin-right:0}.elementor-widget-divider:not(.elementor-widget-divider--view-line_text):not(.elementor-widget-divider--view-line_icon) .elementor-divider-separator{border-top:var(--divider-border-width) var(--divider-border-style) var(--divider-color)}.elementor-widget-divider--separator-type-pattern{--divider-border-style:none}.elementor-widget-divider--separator-type-pattern.elementor-widget-divider--view-line .elementor-divider-separator,.elementor-widget-divider--separator-type-pattern:not(.elementor-widget-divider--view-line) .elementor-divider-separator:after,.elementor-widget-divider--separator-type-pattern:not(.elementor-widget-divider--view-line) .elementor-divider-separator:before,.elementor-widget-divider--separator-type-pattern:not([class*=elementor-widget-divider--view]) .elementor-divider-separator{width:100%;min-height:var(--divider-pattern-height);-webkit-mask-size:var(--divider-pattern-size) 100%;mask-size:var(--divider-pattern-size) 100%;-webkit-mask-repeat:var(--divider-pattern-repeat);mask-repeat:var(--divider-pattern-repeat);background-color:var(--divider-color);-webkit-mask-image:var(--divider-pattern-url);mask-image:var(--divider-pattern-url)}.elementor-widget-divider--no-spacing{--divider-pattern-size:auto}.elementor-widget-divider--bg-round{--divider-pattern-repeat:round}.rtl .elementor-widget-divider .elementor-divider__text{direction:rtl}.e-con-inner>.elementor-widget-divider,.e-con>.elementor-widget-divider{width:var(--container-widget-width,100%);--flex-grow:var(--container-widget-flex-grow)}<\/style>\t\t<div class=\"elementor-divider\">\n\t\t\t<span class=\"elementor-divider-separator\">\n\t\t\t\t\t\t<\/span>\n\t\t<\/div>\n\t\t\t\t<\/div>\n\t\t\t\t<\/div>\n\t\t\t\t<div class=\"elementor-element elementor-element-771f59f6 elementor-widget elementor-widget-text-editor\" data-id=\"771f59f6\" data-element_type=\"widget\" data-widget_type=\"text-editor.default\">\n\t\t\t\t<div class=\"elementor-widget-container\">\n\t\t\t<style>\/*! elementor - v3.17.0 - 08-11-2023 *\/\n.elementor-widget-text-editor.elementor-drop-cap-view-stacked .elementor-drop-cap{background-color:#69727d;color:#fff}.elementor-widget-text-editor.elementor-drop-cap-view-framed .elementor-drop-cap{color:#69727d;border:3px solid;background-color:transparent}.elementor-widget-text-editor:not(.elementor-drop-cap-view-default) .elementor-drop-cap{margin-top:8px}.elementor-widget-text-editor:not(.elementor-drop-cap-view-default) .elementor-drop-cap-letter{width:1em;height:1em}.elementor-widget-text-editor .elementor-drop-cap{float:left;text-align:center;line-height:1;font-size:50px}.elementor-widget-text-editor .elementor-drop-cap-letter{display:inline-block}<\/style>\t\t\t\t<p><strong>Conditions G\u00e9n\u00e9rales de Vente &#8211; \u00c9picerie en Ligne Dangla<\/strong><\/p>\n<ol>\n<li>\n<p><strong>Introduction<\/strong><\/p>\n<p>Bienvenue sur le site de l&rsquo;\u00e9picerie en ligne Dangla. En effectuant un achat sur notre plateforme, vous acceptez les conditions g\u00e9n\u00e9rales de vente d\u00e9crites ci-dessous.<\/p>\n<\/li>\n<li>\n<p><strong>Commandes<\/strong><\/p>\n<ul>\n<li>\n<p><strong>2.1 Processus de Commande<\/strong>: Les commandes peuvent \u00eatre pass\u00e9es via notre site web. Suivez les instructions fournies pour compl\u00e9ter votre achat.<\/p>\n<\/li>\n<li>\n<p><strong>2.2 Confirmation de Commande<\/strong>: Une fois votre commande pass\u00e9e, vous recevrez une confirmation par e-mail avec les d\u00e9tails de votre achat.<\/p>\n<\/li>\n<\/ul>\n<\/li>\n<li>\n<p><strong>Prix et Paiement<\/strong><\/p>\n<ul>\n<li>\n<p><strong>3.1 Prix<\/strong>: Les prix des produits sont indiqu\u00e9s sur notre site. Ils peuvent \u00eatre soumis \u00e0 des changements sans pr\u00e9avis.<\/p>\n<\/li>\n<li>\n<p><strong>3.2 Paiement<\/strong>: Les paiements peuvent \u00eatre effectu\u00e9s via les m\u00e9thodes de paiement disponibles sur notre plateforme.<\/p>\n<\/li>\n<\/ul>\n<\/li>\n<li>\n<p><strong>Livraison et Retrait en Clic and Collect<\/strong><\/p>\n<ul>\n<li>\n<p><strong>4.1 Livraison<\/strong>: Les frais de livraison et les d\u00e9lais sont indiqu\u00e9s lors du processus de commande.<\/p>\n<\/li>\n<li>\n<p><strong>4.2 Clic and Collect<\/strong>: Le retrait des commandes se fait uniquement en mode \u00ab\u00a0Clic and Collect\u00a0\u00bb. Les d\u00e9tails sur le lieu et les horaires de retrait seront pr\u00e9cis\u00e9s lors de la confirmation de commande.<\/p>\n<\/li>\n<\/ul>\n<\/li>\n<li>\n<p><strong>Politique de Retour<\/strong><\/p>\n<ul>\n<li><strong>5.1 Retours<\/strong>: Consultez notre politique de retour pour conna\u00eetre les conditions et les proc\u00e9dures de retour.<\/li>\n<\/ul>\n<\/li>\n<li>\n<p><strong>Protection des Donn\u00e9es<\/strong><\/p>\n<ul>\n<li><strong>6.1 Confidentialit\u00e9<\/strong>: Nous respectons votre vie priv\u00e9e. Consultez notre politique de confidentialit\u00e9 pour en savoir plus sur la mani\u00e8re dont nous traitons vos donn\u00e9es.<\/li>\n<\/ul>\n<\/li>\n<li>\n<p><strong>Force Majeure<\/strong><\/p>\n<ul>\n<li><strong>7.1 \u00c9v\u00e9nements Ind\u00e9pendants de Notre Volont\u00e9<\/strong>: Nous ne serons pas responsables des retards ou de l&rsquo;inex\u00e9cution de nos obligations en cas de force majeure.<\/li>\n<\/ul>\n<\/li>\n<li>\n<p><strong>Dispositions G\u00e9n\u00e9rales<\/strong><\/p>\n<ul>\n<li><strong>8.1 Modifications des Conditions G\u00e9n\u00e9rales de Vente<\/strong>: Nous nous r\u00e9servons le droit de modifier ces conditions \u00e0 tout moment. Les modifications seront effectives d\u00e8s leur publication sur notre site.<\/li>\n<\/ul>\n<\/li>\n<li>\n<p><strong>Contact<\/strong><\/p>\n<ul>\n<li><strong>9.1 Service Client\u00e8le<\/strong>: Pour toute question ou pr\u00e9occupation, veuillez nous contacter via les coordonn\u00e9es fournies sur notre site.<\/li>\n<\/ul>\n<\/li>\n<\/ol>\t\t\t\t\t\t<\/div>\n\t\t\t\t<\/div>\n\t\t\t\t\t<\/div>\n\t\t<\/div>\n\t\t\t\t\t\t\t<\/div>\n\t\t<\/section>\n\t\t\t\t\t\t\t<\/div>\n\t\t","protected":false},"excerpt":{"rendered":"<p>Conditions g\u00e9n\u00e9rales de vente Conditions G\u00e9n\u00e9rales de Vente &#8211; \u00c9picerie en Ligne Dangla Introduction Bienvenue sur le site de l&rsquo;\u00e9picerie en ligne Dangla. En effectuant un achat sur notre plateforme, vous acceptez les conditions g\u00e9n\u00e9rales de vente d\u00e9crites ci-dessous. Commandes 2.1 Processus de Commande: Les commandes peuvent \u00eatre pass\u00e9es via notre site web. Suivez les [&hellip;]<\/p>\n","protected":false},"author":1,"featured_media":0,"parent":0,"menu_order":0,"comment_status":"closed","ping_status":"closed","template":"","meta":{"footnotes":""},"class_list":["post-11","page","type-page","status-publish","hentry"],"yoast_head":"<!-- This site is optimized with the Yoast SEO plugin v21.5 - https:\/\/yoast.com\/wordpress\/plugins\/seo\/ -->\n<title>Conditions g\u00e9n\u00e9rales de Vente | Dangla<\/title>\n<meta name=\"robots\" content=\"index, follow, max-snippet:-1, max-image-preview:large, max-video-preview:-1\" \/>\n<link rel=\"canonical\" href=\"https:\/\/epiceriedangla.fr\/test\/remboursements_retours\/\" \/>\n<meta property=\"og:locale\" content=\"fr_FR\" \/>\n<meta property=\"og:type\" content=\"article\" \/>\n<meta property=\"og:title\" content=\"Conditions g\u00e9n\u00e9rales de Vente | Dangla\" \/>\n<meta property=\"og:description\" content=\"Conditions g\u00e9n\u00e9rales de vente Conditions G\u00e9n\u00e9rales de Vente &#8211; \u00c9picerie en Ligne Dangla Introduction Bienvenue sur le site de l&rsquo;\u00e9picerie en ligne Dangla. En effectuant un achat sur notre plateforme, vous acceptez les conditions g\u00e9n\u00e9rales de vente d\u00e9crites ci-dessous. Commandes 2.1 Processus de Commande: Les commandes peuvent \u00eatre pass\u00e9es via notre site web. Suivez les [&hellip;]\" \/>\n<meta property=\"og:url\" content=\"https:\/\/epiceriedangla.fr\/test\/remboursements_retours\/\" \/>\n<meta property=\"og:site_name\" content=\"Dangla\" \/>\n<meta property=\"article:modified_time\" content=\"2023-11-10T16:01:14+00:00\" \/>\n<meta name=\"twitter:card\" content=\"summary_large_image\" \/>\n<meta name=\"twitter:label1\" content=\"Dur\u00e9e de lecture estim\u00e9e\" \/>\n\t<meta name=\"twitter:data1\" content=\"2 minutes\" \/>\n<script type=\"application\/ld+json\" class=\"yoast-schema-graph\">{\"@context\":\"https:\/\/schema.org\",\"@graph\":[{\"@type\":\"WebPage\",\"@id\":\"https:\/\/epiceriedangla.fr\/test\/remboursements_retours\/\",\"url\":\"https:\/\/epiceriedangla.fr\/test\/remboursements_retours\/\",\"name\":\"Conditions g\u00e9n\u00e9rales de Vente | Dangla\",\"isPartOf\":{\"@id\":\"https:\/\/epiceriedangla.fr\/test\/#website\"},\"datePublished\":\"2023-11-10T15:53:23+00:00\",\"dateModified\":\"2023-11-10T16:01:14+00:00\",\"inLanguage\":\"fr-FR\",\"potentialAction\":[{\"@type\":\"ReadAction\",\"target\":[\"https:\/\/epiceriedangla.fr\/test\/remboursements_retours\/\"]}]},{\"@type\":\"WebSite\",\"@id\":\"https:\/\/epiceriedangla.fr\/test\/#website\",\"url\":\"https:\/\/epiceriedangla.fr\/test\/\",\"name\":\"Epicerie Dangla\",\"description\":\"Petite \u00e9picerie de quartier\",\"publisher\":{\"@id\":\"https:\/\/epiceriedangla.fr\/test\/#organization\"},\"potentialAction\":[{\"@type\":\"SearchAction\",\"target\":{\"@type\":\"EntryPoint\",\"urlTemplate\":\"https:\/\/epiceriedangla.fr\/test\/?s={search_term_string}\"},\"query-input\":\"required name=search_term_string\"}],\"inLanguage\":\"fr-FR\"},{\"@type\":\"Organization\",\"@id\":\"https:\/\/epiceriedangla.fr\/test\/#organization\",\"name\":\"Epicerie Dangla\",\"url\":\"https:\/\/epiceriedangla.fr\/test\/\",\"logo\":{\"@type\":\"ImageObject\",\"inLanguage\":\"fr-FR\",\"@id\":\"https:\/\/epiceriedangla.fr\/test\/#\/schema\/logo\/image\/\",\"url\":\"https:\/\/epiceriedangla.fr\/test\/wp-content\/uploads\/2023\/08\/logoblanc-dangla.png\",\"contentUrl\":\"https:\/\/epiceriedangla.fr\/test\/wp-content\/uploads\/2023\/08\/logoblanc-dangla.png\",\"width\":1158,\"height\":1300,\"caption\":\"Epicerie Dangla\"},\"image\":{\"@id\":\"https:\/\/epiceriedangla.fr\/test\/#\/schema\/logo\/image\/\"}}]}<\/script>\n<!-- \/ Yoast SEO plugin. -->","yoast_head_json":{"title":"Conditions g\u00e9n\u00e9rales de Vente | Dangla","robots":{"index":"index","follow":"follow","max-snippet":"max-snippet:-1","max-image-preview":"max-image-preview:large","max-video-preview":"max-video-preview:-1"},"canonical":"https:\/\/epiceriedangla.fr\/test\/remboursements_retours\/","og_locale":"fr_FR","og_type":"article","og_title":"Conditions g\u00e9n\u00e9rales de Vente | Dangla","og_description":"Conditions g\u00e9n\u00e9rales de vente Conditions G\u00e9n\u00e9rales de Vente &#8211; \u00c9picerie en Ligne Dangla Introduction Bienvenue sur le site de l&rsquo;\u00e9picerie en ligne Dangla. En effectuant un achat sur notre plateforme, vous acceptez les conditions g\u00e9n\u00e9rales de vente d\u00e9crites ci-dessous. Commandes 2.1 Processus de Commande: Les commandes peuvent \u00eatre pass\u00e9es via notre site web. Suivez les [&hellip;]","og_url":"https:\/\/epiceriedangla.fr\/test\/remboursements_retours\/","og_site_name":"Dangla","article_modified_time":"2023-11-10T16:01:14+00:00","twitter_card":"summary_large_image","twitter_misc":{"Dur\u00e9e de lecture estim\u00e9e":"2 minutes"},"schema":{"@context":"https:\/\/schema.org","@graph":[{"@type":"WebPage","@id":"https:\/\/epiceriedangla.fr\/test\/remboursements_retours\/","url":"https:\/\/epiceriedangla.fr\/test\/remboursements_retours\/","name":"Conditions g\u00e9n\u00e9rales de Vente | Dangla","isPartOf":{"@id":"https:\/\/epiceriedangla.fr\/test\/#website"},"datePublished":"2023-11-10T15:53:23+00:00","dateModified":"2023-11-10T16:01:14+00:00","inLanguage":"fr-FR","potentialAction":[{"@type":"ReadAction","target":["https:\/\/epiceriedangla.fr\/test\/remboursements_retours\/"]}]},{"@type":"WebSite","@id":"https:\/\/epiceriedangla.fr\/test\/#website","url":"https:\/\/epiceriedangla.fr\/test\/","name":"Epicerie Dangla","description":"Petite \u00e9picerie de quartier","publisher":{"@id":"https:\/\/epiceriedangla.fr\/test\/#organization"},"potentialAction":[{"@type":"SearchAction","target":{"@type":"EntryPoint","urlTemplate":"https:\/\/epiceriedangla.fr\/test\/?s={search_term_string}"},"query-input":"required name=search_term_string"}],"inLanguage":"fr-FR"},{"@type":"Organization","@id":"https:\/\/epiceriedangla.fr\/test\/#organization","name":"Epicerie Dangla","url":"https:\/\/epiceriedangla.fr\/test\/","logo":{"@type":"ImageObject","inLanguage":"fr-FR","@id":"https:\/\/epiceriedangla.fr\/test\/#\/schema\/logo\/image\/","url":"https:\/\/epiceriedangla.fr\/test\/wp-content\/uploads\/2023\/08\/logoblanc-dangla.png","contentUrl":"https:\/\/epiceriedangla.fr\/test\/wp-content\/uploads\/2023\/08\/logoblanc-dangla.png","width":1158,"height":1300,"caption":"Epicerie Dangla"},"image":{"@id":"https:\/\/epiceriedangla.fr\/test\/#\/schema\/logo\/image\/"}}]}},"_links":{"self":[{"href":"https:\/\/epiceriedangla.fr\/test\/wp-json\/wp\/v2\/pages\/11","targetHints":{"allow":["GET"]}}],"collection":[{"href":"https:\/\/epiceriedangla.fr\/test\/wp-json\/wp\/v2\/pages"}],"about":[{"href":"https:\/\/epiceriedangla.fr\/test\/wp-json\/wp\/v2\/types\/page"}],"author":[{"embeddable":true,"href":"https:\/\/epiceriedangla.fr\/test\/wp-json\/wp\/v2\/users\/1"}],"replies":[{"embeddable":true,"href":"https:\/\/epiceriedangla.fr\/test\/wp-json\/wp\/v2\/comments?post=11"}],"version-history":[{"count":6,"href":"https:\/\/epiceriedangla.fr\/test\/wp-json\/wp\/v2\/pages\/11\/revisions"}],"predecessor-version":[{"id":1607,"href":"https:\/\/epiceriedangla.fr\/test\/wp-json\/wp\/v2\/pages\/11\/revisions\/1607"}],"wp:attachment":[{"href":"https:\/\/epiceriedangla.fr\/test\/wp-json\/wp\/v2\/media?parent=11"}],"curies":[{"name":"wp","href":"https:\/\/api.w.org\/{rel}","templated":true}]}}